{"id":1115,"date":"2021-11-09T16:46:42","date_gmt":"2021-11-09T19:46:42","guid":{"rendered":"http:\/\/profox.com.br\/site\/?page_id=1115"},"modified":"2026-04-08T15:19:28","modified_gmt":"2026-04-08T18:19:28","slug":"area-do-cliente","status":"publish","type":"page","link":"https:\/\/profox.com.br\/site\/area-do-cliente\/","title":{"rendered":"\u00c1rea do Cliente"},"content":{"rendered":"<div class=\"fusion-fullwidth fullwidth-box fusion-builder-row-1 fusion-flex-container nonhundred-percent-fullwidth non-hundred-percent-height-scrolling\" style=\"background-color: #ffffff;background-position: center center;background-repeat: no-repeat;border-width: 0px 0px 0px 0px;border-color:#eae9e9;border-style:solid;\" ><div class=\"fusion-builder-row fusion-row fusion-flex-align-items-flex-start\" style=\"max-width:1248px;margin-left: calc(-4% \/ 2 );margin-right: calc(-4% \/ 2 );\">\n<div class=\"fusion-layout-column fusion_builder_column fusion-builder-column-0 fusion_builder_column_1_1 1_1 fusion-flex-column\"><div class=\"fusion-column-wrapper fusion-flex-justify-content-flex-start fusion-content-layout-column\" style=\"background-position:left top;background-repeat:no-repeat;-webkit-background-size:cover;-moz-background-size:cover;-o-background-size:cover;background-size:cover;padding: 0px 0px 0px 0px;\">\n<div class=\"fusion-builder-row fusion-builder-row-inner fusion-row fusion-flex-align-items-flex-start\" style=\"width:104% !important;max-width:104% !important;margin-left: calc(-4% \/ 2 );margin-right: calc(-4% \/ 2 );\">\n<h1>Downloads<\/h1>\n<div class=\"fusion-builder-row fusion-builder-row-inner fusion-row fusion-flex-align-items-flex-start\">\n<div class=\"fusion-layout-column fusion_builder_column_inner fusion-builder-nested-column-0 fusion_builder_column_inner_1_6 1_6 fusion-flex-column fusion-flex-align-self-center\">\n<div class=\"fusion-column-wrapper fusion-flex-justify-content-space-around fusion-content-layout-column\">\n<div>\n<div><strong>PROFOX ERP<\/strong><\/div>\n<ul>\n<li><a href=\"https:\/\/profox.com.br\/download\/TagV8.zip\">V8 (TagV8) &#8211; 23\/02\/2024<\/a><\/li>\n<li><a href=\"https:\/\/profox.com.br\/download\/TagSAtual.exe\">V6 (TagS) &#8211; 11\/03\/2026<\/a><\/li>\n<\/ul>\n<div><strong>PROFOX PDV (Cupom Fiscal)<\/strong><\/div>\n<ul>\n<li><a href=\"https:\/\/profox.com.br\/download\/AtualizacaoPDVServidor.exe\">Servidor &#8211; 31\/12\/2025<\/a><br \/>\n<small>Executar somente no Servidor<\/small><\/li>\n<li><a href=\"https:\/\/profox.com.br\/download\/AtualizacaoPDVCliente.exe\">Cliente &#8211; 31\/12\/2025<\/a><br \/>\n<small>Fechar o PROFOXPDV antes de executar<\/small><\/li>\n<li><a href=\"https:\/\/profox.com.br\/download\/AtualizacaoPDVPedix.exe\">Pedix &#8211; 07\/03\/2023<\/a><br \/>\n<small>Executar somente na m\u00e1quina onde estiver o Pedix<\/small><\/li>\n<\/ul>\n<div><strong>TAGMOBILE<\/strong><\/div>\n<ul>\n<li><a href=\"https:\/\/profox.com.br\/download\/tagmobile\/tagmobilev8.apk\">V8 Android &#8211; 02\/03\/2026<\/a><\/li>\n<li><a href=\"https:\/\/profox.com.br\/download\/tagmobile\/tagmobilev8.zip\">V8 Win 10 &#8211; 02\/03\/2026<\/a><\/li>\n<li><a href=\"https:\/\/profox.com.br\/download\/tagmobile\/tagmobilev6.apk\">V6 Android &#8211; 01\/01\/2024<\/a><\/li>\n<\/ul>\n<\/div>\n<\/div>\n<\/div>\n<\/div>\n<\/div><\/div><style type=\"text\/css\">.fusion-body .fusion-builder-column-0{width:100% !important;margin-top : 0px;margin-bottom : 20px;}.fusion-builder-column-0 > .fusion-column-wrapper {padding-top : 0px !important;padding-right : 0px !important;margin-right : 1.92%;padding-bottom : 0px !important;padding-left : 0px !important;margin-left : 1.92%;}@media only screen and (max-width:1024px) {.fusion-body .fusion-builder-column-0{width:100% !important;order : 0;}.fusion-builder-column-0 > .fusion-column-wrapper {margin-right : 1.92%;margin-left : 1.92%;}}@media only screen and (max-width:640px) {.fusion-body .fusion-builder-column-0{width:100% !important;order : 0;}.fusion-builder-column-0 > .fusion-column-wrapper {margin-right : 1.92%;margin-left : 1.92%;}}<\/style>\n<\/div>\n<style type=\"text\/css\">.fusion-body .fusion-flex-container.fusion-builder-row-1{ padding-top : 0px;margin-top : 20px;padding-right : 0px;padding-bottom : 0px;margin-bottom : 0px;padding-left : 0px;}<\/style><\/div>\n<\/div>\n","protected":false},"excerpt":{"rendered":"","protected":false},"author":6,"featured_media":0,"parent":0,"menu_order":0,"comment_status":"closed","ping_status":"closed","template":"100-width.php","meta":{"footnotes":""},"class_list":["post-1115","page","type-page","status-publish","hentry"],"yoast_head":"<!-- This site is optimized with the Yoast SEO plugin v24.6 - https:\/\/yoast.com\/wordpress\/plugins\/seo\/ -->\n<title>\u00c1rea do Cliente - Profox Sistemas<\/title>\n<meta name=\"robots\" content=\"index, follow, max-snippet:-1, max-image-preview:large, max-video-preview:-1\" \/>\n<link rel=\"canonical\" href=\"https:\/\/profox.com.br\/site\/area-do-cliente\/\" \/>\n<meta property=\"og:locale\" content=\"pt_BR\" \/>\n<meta property=\"og:type\" content=\"article\" \/>\n<meta property=\"og:title\" content=\"\u00c1rea do Cliente - Profox Sistemas\" \/>\n<meta property=\"og:url\" content=\"https:\/\/profox.com.br\/site\/area-do-cliente\/\" \/>\n<meta property=\"og:site_name\" content=\"Profox Sistemas\" \/>\n<meta property=\"article:publisher\" content=\"https:\/\/www.facebook.com\/profoxsistemas\" \/>\n<meta property=\"article:modified_time\" content=\"2026-04-08T18:19:28+00:00\" \/>\n<meta name=\"twitter:card\" content=\"summary_large_image\" \/>\n<meta name=\"twitter:label1\" content=\"Est. tempo de leitura\" \/>\n\t<meta name=\"twitter:data1\" content=\"2 minutos\" \/>\n<script type=\"application\/ld+json\" class=\"yoast-schema-graph\">{\"@context\":\"https:\/\/schema.org\",\"@graph\":[{\"@type\":\"WebPage\",\"@id\":\"https:\/\/profox.com.br\/site\/area-do-cliente\/\",\"url\":\"https:\/\/profox.com.br\/site\/area-do-cliente\/\",\"name\":\"\u00c1rea do Cliente - Profox Sistemas\",\"isPartOf\":{\"@id\":\"https:\/\/profox.com.br\/site\/#website\"},\"datePublished\":\"2021-11-09T19:46:42+00:00\",\"dateModified\":\"2026-04-08T18:19:28+00:00\",\"breadcrumb\":{\"@id\":\"https:\/\/profox.com.br\/site\/area-do-cliente\/#breadcrumb\"},\"inLanguage\":\"pt-BR\",\"potentialAction\":[{\"@type\":\"ReadAction\",\"target\":[\"https:\/\/profox.com.br\/site\/area-do-cliente\/\"]}]},{\"@type\":\"BreadcrumbList\",\"@id\":\"https:\/\/profox.com.br\/site\/area-do-cliente\/#breadcrumb\",\"itemListElement\":[{\"@type\":\"ListItem\",\"position\":1,\"name\":\"In\u00edcio\",\"item\":\"https:\/\/profox.com.br\/site\/\"},{\"@type\":\"ListItem\",\"position\":2,\"name\":\"\u00c1rea do Cliente\"}]},{\"@type\":\"WebSite\",\"@id\":\"https:\/\/profox.com.br\/site\/#website\",\"url\":\"https:\/\/profox.com.br\/site\/\",\"name\":\"Profox Sistemas\",\"description\":\"ERP Gest\u00e3o Empresarial Comercio Ind\u00fastrias Servi\u00e7os Belo Horizonte MG\",\"publisher\":{\"@id\":\"https:\/\/profox.com.br\/site\/#organization\"},\"potentialAction\":[{\"@type\":\"SearchAction\",\"target\":{\"@type\":\"EntryPoint\",\"urlTemplate\":\"https:\/\/profox.com.br\/site\/?s={search_term_string}\"},\"query-input\":{\"@type\":\"PropertyValueSpecification\",\"valueRequired\":true,\"valueName\":\"search_term_string\"}}],\"inLanguage\":\"pt-BR\"},{\"@type\":\"Organization\",\"@id\":\"https:\/\/profox.com.br\/site\/#organization\",\"name\":\"Profox Sistemas\",\"url\":\"https:\/\/profox.com.br\/site\/\",\"logo\":{\"@type\":\"ImageObject\",\"inLanguage\":\"pt-BR\",\"@id\":\"https:\/\/profox.com.br\/site\/#\/schema\/logo\/image\/\",\"url\":\"https:\/\/profox.com.br\/site\/wp-content\/uploads\/2020\/10\/SITE-logo.png\",\"contentUrl\":\"https:\/\/profox.com.br\/site\/wp-content\/uploads\/2020\/10\/SITE-logo.png\",\"width\":246,\"height\":64,\"caption\":\"Profox Sistemas\"},\"image\":{\"@id\":\"https:\/\/profox.com.br\/site\/#\/schema\/logo\/image\/\"},\"sameAs\":[\"https:\/\/www.facebook.com\/profoxsistemas\",\"https:\/\/www.instagram.com\/profoxsistemas\"]}]}<\/script>\n<!-- \/ Yoast SEO plugin. -->","yoast_head_json":{"title":"\u00c1rea do Cliente - Profox Sistemas","robots":{"index":"index","follow":"follow","max-snippet":"max-snippet:-1","max-image-preview":"max-image-preview:large","max-video-preview":"max-video-preview:-1"},"canonical":"https:\/\/profox.com.br\/site\/area-do-cliente\/","og_locale":"pt_BR","og_type":"article","og_title":"\u00c1rea do Cliente - Profox Sistemas","og_url":"https:\/\/profox.com.br\/site\/area-do-cliente\/","og_site_name":"Profox Sistemas","article_publisher":"https:\/\/www.facebook.com\/profoxsistemas","article_modified_time":"2026-04-08T18:19:28+00:00","twitter_card":"summary_large_image","twitter_misc":{"Est. tempo de leitura":"2 minutos"},"schema":{"@context":"https:\/\/schema.org","@graph":[{"@type":"WebPage","@id":"https:\/\/profox.com.br\/site\/area-do-cliente\/","url":"https:\/\/profox.com.br\/site\/area-do-cliente\/","name":"\u00c1rea do Cliente - Profox Sistemas","isPartOf":{"@id":"https:\/\/profox.com.br\/site\/#website"},"datePublished":"2021-11-09T19:46:42+00:00","dateModified":"2026-04-08T18:19:28+00:00","breadcrumb":{"@id":"https:\/\/profox.com.br\/site\/area-do-cliente\/#breadcrumb"},"inLanguage":"pt-BR","potentialAction":[{"@type":"ReadAction","target":["https:\/\/profox.com.br\/site\/area-do-cliente\/"]}]},{"@type":"BreadcrumbList","@id":"https:\/\/profox.com.br\/site\/area-do-cliente\/#breadcrumb","itemListElement":[{"@type":"ListItem","position":1,"name":"In\u00edcio","item":"https:\/\/profox.com.br\/site\/"},{"@type":"ListItem","position":2,"name":"\u00c1rea do Cliente"}]},{"@type":"WebSite","@id":"https:\/\/profox.com.br\/site\/#website","url":"https:\/\/profox.com.br\/site\/","name":"Profox Sistemas","description":"ERP Gest\u00e3o Empresarial Comercio Ind\u00fastrias Servi\u00e7os Belo Horizonte MG","publisher":{"@id":"https:\/\/profox.com.br\/site\/#organization"},"potentialAction":[{"@type":"SearchAction","target":{"@type":"EntryPoint","urlTemplate":"https:\/\/profox.com.br\/site\/?s={search_term_string}"},"query-input":{"@type":"PropertyValueSpecification","valueRequired":true,"valueName":"search_term_string"}}],"inLanguage":"pt-BR"},{"@type":"Organization","@id":"https:\/\/profox.com.br\/site\/#organization","name":"Profox Sistemas","url":"https:\/\/profox.com.br\/site\/","logo":{"@type":"ImageObject","inLanguage":"pt-BR","@id":"https:\/\/profox.com.br\/site\/#\/schema\/logo\/image\/","url":"https:\/\/profox.com.br\/site\/wp-content\/uploads\/2020\/10\/SITE-logo.png","contentUrl":"https:\/\/profox.com.br\/site\/wp-content\/uploads\/2020\/10\/SITE-logo.png","width":246,"height":64,"caption":"Profox Sistemas"},"image":{"@id":"https:\/\/profox.com.br\/site\/#\/schema\/logo\/image\/"},"sameAs":["https:\/\/www.facebook.com\/profoxsistemas","https:\/\/www.instagram.com\/profoxsistemas"]}]}},"_links":{"self":[{"href":"https:\/\/profox.com.br\/site\/wp-json\/wp\/v2\/pages\/1115","targetHints":{"allow":["GET"]}}],"collection":[{"href":"https:\/\/profox.com.br\/site\/wp-json\/wp\/v2\/pages"}],"about":[{"href":"https:\/\/profox.com.br\/site\/wp-json\/wp\/v2\/types\/page"}],"author":[{"embeddable":true,"href":"https:\/\/profox.com.br\/site\/wp-json\/wp\/v2\/users\/6"}],"replies":[{"embeddable":true,"href":"https:\/\/profox.com.br\/site\/wp-json\/wp\/v2\/comments?post=1115"}],"version-history":[{"count":193,"href":"https:\/\/profox.com.br\/site\/wp-json\/wp\/v2\/pages\/1115\/revisions"}],"predecessor-version":[{"id":1487,"href":"https:\/\/profox.com.br\/site\/wp-json\/wp\/v2\/pages\/1115\/revisions\/1487"}],"wp:attachment":[{"href":"https:\/\/profox.com.br\/site\/wp-json\/wp\/v2\/media?parent=1115"}],"curies":[{"name":"wp","href":"https:\/\/api.w.org\/{rel}","templated":true}]}}