{"id":18,"date":"2020-08-19T10:28:58","date_gmt":"2020-08-19T10:28:58","guid":{"rendered":"http:\/\/profox.com.br\/site\/?page_id=18"},"modified":"2021-05-28T16:08:43","modified_gmt":"2021-05-28T19:08:43","slug":"blog","status":"publish","type":"page","link":"https:\/\/profox.com.br\/site\/blog\/","title":{"rendered":"Blog"},"content":{"rendered":"<div class=\"fusion-fullwidth fullwidth-box fusion-builder-row-1 fusion-flex-container nonhundred-percent-fullwidth non-hundred-percent-height-scrolling\" style=\"background-color: #ffffff;background-position: center center;background-repeat: no-repeat;border-width: 0px 0px 0px 0px;border-color:#eae9e9;border-style:solid;\" ><div class=\"fusion-builder-row fusion-row fusion-flex-align-items-flex-start\" style=\"max-width:1248px;margin-left: calc(-4% \/ 2 );margin-right: calc(-4% \/ 2 );\"><div class=\"fusion-layout-column fusion_builder_column fusion-builder-column-0 fusion_builder_column_1_1 1_1 fusion-flex-column\"><div class=\"fusion-column-wrapper fusion-flex-justify-content-flex-start fusion-content-layout-column\" style=\"background-position:left top;background-repeat:no-repeat;-webkit-background-size:cover;-moz-background-size:cover;-o-background-size:cover;background-size:cover;padding: 0px 0px 0px 0px;\"><div class=\"fusion-blog-shortcode fusion-blog-shortcode-1 fusion-blog-archive fusion-blog-layout-grid-wrapper fusion-blog-pagination\"><style type=\"text\/css\">.fusion-blog-shortcode-1 .fusion-blog-layout-grid .fusion-post-grid{padding:20px;}.fusion-blog-shortcode-1 .fusion-posts-container{margin-left: -20px !important; margin-right:-20px !important;}<\/style><div class=\"fusion-posts-container fusion-posts-container-pagination fusion-blog-rollover fusion-blog-layout-grid fusion-blog-layout-grid-3 isotope fusion-blog-equal-heights\" data-pages=\"1\" data-grid-col-space=\"40\" style=\"margin: -20px -20px 0;min-height:500px;\"><article id=\"blog-1-post-1394\" class=\"fusion-post-grid post-1394 post type-post status-publish format-standard has-post-thumbnail hentry category-sem-categoria tag-desafios tag-erp tag-fiscal tag-tributario tag-vantagens\">\n<div class=\"fusion-post-wrapper\" style=\"background-color:rgba(255,255,255,0);border:none;\">\n\n\t\t\t<div class=\"fusion-flexslider flexslider fusion-flexslider-loading fusion-post-slideshow\" style=\"border-color:rgba(242,243,245,0);\">\n\t\t<ul class=\"slides\">\n\t\t\t\n\t\t\t\t\t\t\t\t\t\t\t\t\t\t<li>\n\n<div  class=\"fusion-image-wrapper\" aria-haspopup=\"true\">\n\t\n\t\n\t\t\n\t\t\t\t\t<img decoding=\"async\" width=\"480\" height=\"480\" src=\"https:\/\/profox.com.br\/site\/wp-content\/uploads\/2024\/07\/Trabalho-e1720188215114.jpg\" class=\"attachment-full size-full wp-post-image\" alt=\"Desafios Fiscais das Empresas e os Benef\u00edcios do ERP - Profox\" \/>\n\t\n\n\t\t<div class=\"fusion-rollover\">\n\t<div class=\"fusion-rollover-content\">\n\n\t\t\t\t\t\t\t\t\t\t\t\t\t\t<a class=\"fusion-rollover-link\" href=\"https:\/\/profox.com.br\/site\/desafios-fiscais-das-empresas-e-os-beneficios-do-erp-profox\/\">Desafios Fiscais das Empresas e os Benef\u00edcios do ERP &#8211; Profox<\/a>\n\t\t\t\n\t\t\t\t\t\t\t\t\t\t\t\t\t\t\n\t\t\t\t\t\t\t\t\n\t\t\t\t\t\t\t\t\t\t\t\t\t<div class=\"fusion-rollover-sep\"><\/div>\n\t\t\t\t\n\t\t\t\t\t\t\t\t\t\t\t\t\t\t\t\t\t\t<a class=\"fusion-rollover-gallery\" href=\"https:\/\/profox.com.br\/site\/wp-content\/uploads\/2024\/07\/Trabalho-e1720188215114.jpg\" data-id=\"1394\" data-rel=\"iLightbox[gallery]\" data-title=\"Trabalho\" data-caption=\"\">\n\t\t\t\t\t\tGaleria\t\t\t\t\t<\/a>\n\t\t\t\t\t\t\t\t\t\t\t\t\t\t\n\t\t\t\t\n\t\t\t\t\t\t\t\t\t\t\t\t<h4 class=\"fusion-rollover-title\">\n\t\t\t\t\t<a class=\"fusion-rollover-title-link\" href=\"https:\/\/profox.com.br\/site\/desafios-fiscais-das-empresas-e-os-beneficios-do-erp-profox\/\">\n\t\t\t\t\t\tDesafios Fiscais das Empresas e os Benef\u00edcios do ERP &#8211; Profox\t\t\t\t\t<\/a>\n\t\t\t\t<\/h4>\n\t\t\t\n\t\t\t\t\t\t\t\t\t\t\t\t\t\t<div class=\"fusion-rollover-categories\"><a href=\"https:\/\/profox.com.br\/site\/category\/sem-categoria\/\" rel=\"tag\">Sem categoria<\/a><\/div>\t\t\t\t\t\n\t\t\n\t\t\t\t<a class=\"fusion-link-wrapper\" href=\"https:\/\/profox.com.br\/site\/desafios-fiscais-das-empresas-e-os-beneficios-do-erp-profox\/\" aria-label=\"Desafios Fiscais das Empresas e os Benef\u00edcios do ERP &#8211; Profox\"><\/a>\n\t<\/div>\n<\/div>\n\n\t\n<\/div>\n<\/li>\n\t\t\t\n\t\t\t\n\t\t\t\t\t\t\t\t\t\t\t\t\t\t\t\t\t\t\t\t\t\t\t\t\t\t\t\t\t\t\t\t\t\t\t\t\t\t\t\t\t\t\t\t\t\t\t\t\t\t\t\t\t\t\t\t\t\t\t\t\t\t\t\t\t\t\t\t<\/ul>\n\t<\/div>\n\t<div class=\"fusion-post-content-wrapper\" style=\"padding:30px 0px 25px 0px;\"><div class=\"fusion-post-content post-content\"><h2 class=\"blog-shortcode-post-title entry-title\"><a href=\"https:\/\/profox.com.br\/site\/desafios-fiscais-das-empresas-e-os-beneficios-do-erp-profox\/\">Desafios Fiscais das Empresas e os Benef\u00edcios do ERP &#8211; Profox<\/a><\/h2><p class=\"fusion-single-line-meta\"><span class=\"vcard\" style=\"display: none;\"><span class=\"fn\"><a href=\"https:\/\/profox.com.br\/site\/author\/profox\/\" title=\"Posts de Profox Sistemas Profox\" rel=\"author\">Profox Sistemas Profox<\/a><\/span><\/span><span class=\"updated\" style=\"display:none;\">2024-07-05T11:07:21-03:00<\/span><span>5 de julho de 2024<\/span><span class=\"fusion-inline-sep\">|<\/span><\/p><div class=\"fusion-content-sep sep-single sep-solid\" style=\"border-color:#e2e2e2;\"><\/div><div class=\"fusion-post-content-container\"><p>\u00a0 A gest\u00e3o fiscal \u00e9 um dos maiores desafios para as empresas brasileiras. O sistema tribut\u00e1rio do Brasil \u00e9 extremamente [...]<\/p><\/div><\/div><\/div><div class=\"fusion-clearfix\"><\/div><\/div>\n<\/article>\n<article id=\"blog-1-post-295\" class=\"fusion-post-grid post-295 post type-post status-publish format-standard has-post-thumbnail hentry category-sem-categoria tag-burocracia tag-dados-seguros tag-diagnostico tag-erp tag-integracao tag-mobilidade tag-processos tag-relatorios tag-vantagens\">\n<div class=\"fusion-post-wrapper\" style=\"background-color:rgba(255,255,255,0);border:none;\">\n\n\t\t\t<div class=\"fusion-flexslider flexslider fusion-flexslider-loading fusion-post-slideshow\" style=\"border-color:rgba(242,243,245,0);\">\n\t\t<ul class=\"slides\">\n\t\t\t\n\t\t\t\t\t\t\t\t\t\t\t\t\t\t<li>\n\n<div  class=\"fusion-image-wrapper\" aria-haspopup=\"true\">\n\t\n\t\n\t\t\n\t\t\t\t\t<img decoding=\"async\" width=\"1870\" height=\"1109\" src=\"https:\/\/profox.com.br\/site\/wp-content\/uploads\/2020\/08\/Saiba-qual-a-importancia-do-ERP-para-a-sua-empresa.png\" class=\"attachment-full size-full wp-post-image\" alt=\"\" srcset=\"https:\/\/profox.com.br\/site\/wp-content\/uploads\/2020\/08\/Saiba-qual-a-importancia-do-ERP-para-a-sua-empresa-200x119.png 200w, https:\/\/profox.com.br\/site\/wp-content\/uploads\/2020\/08\/Saiba-qual-a-importancia-do-ERP-para-a-sua-empresa-400x237.png 400w, https:\/\/profox.com.br\/site\/wp-content\/uploads\/2020\/08\/Saiba-qual-a-importancia-do-ERP-para-a-sua-empresa-600x356.png 600w, https:\/\/profox.com.br\/site\/wp-content\/uploads\/2020\/08\/Saiba-qual-a-importancia-do-ERP-para-a-sua-empresa-800x474.png 800w, https:\/\/profox.com.br\/site\/wp-content\/uploads\/2020\/08\/Saiba-qual-a-importancia-do-ERP-para-a-sua-empresa-1200x712.png 1200w, https:\/\/profox.com.br\/site\/wp-content\/uploads\/2020\/08\/Saiba-qual-a-importancia-do-ERP-para-a-sua-empresa.png 1870w\" sizes=\"(min-width: 2200px) 100vw, (min-width: 784px) 373px, (min-width: 712px) 560px, (min-width: 640px) 712px, \" \/>\n\t\n\n\t\t<div class=\"fusion-rollover\">\n\t<div class=\"fusion-rollover-content\">\n\n\t\t\t\t\t\t\t\t\t\t\t\t\t\t<a class=\"fusion-rollover-link\" href=\"https:\/\/profox.com.br\/site\/saiba-qual-a-importancia-do-erp-para-a-sua-empresa\/\">Saiba qual a import\u00e2ncia do ERP para a sua empresa<\/a>\n\t\t\t\n\t\t\t\t\t\t\t\t\t\t\t\t\t\t\n\t\t\t\t\t\t\t\t\n\t\t\t\t\t\t\t\t\t\t\t\t\t<div class=\"fusion-rollover-sep\"><\/div>\n\t\t\t\t\n\t\t\t\t\t\t\t\t\t\t\t\t\t\t\t\t\t\t<a class=\"fusion-rollover-gallery\" href=\"https:\/\/profox.com.br\/site\/wp-content\/uploads\/2020\/08\/Saiba-qual-a-importancia-do-ERP-para-a-sua-empresa.png\" data-id=\"295\" data-rel=\"iLightbox[gallery]\" data-title=\"Saiba-qual-a-import\u00e2ncia-do-ERP-para-a-sua-empresa\" data-caption=\"\">\n\t\t\t\t\t\tGaleria\t\t\t\t\t<\/a>\n\t\t\t\t\t\t\t\t\t\t\t\t\t\t\n\t\t\t\t\n\t\t\t\t\t\t\t\t\t\t\t\t<h4 class=\"fusion-rollover-title\">\n\t\t\t\t\t<a class=\"fusion-rollover-title-link\" href=\"https:\/\/profox.com.br\/site\/saiba-qual-a-importancia-do-erp-para-a-sua-empresa\/\">\n\t\t\t\t\t\tSaiba qual a import\u00e2ncia do ERP para a sua empresa\t\t\t\t\t<\/a>\n\t\t\t\t<\/h4>\n\t\t\t\n\t\t\t\t\t\t\t\t\t\t\t\t\t\t<div class=\"fusion-rollover-categories\"><a href=\"https:\/\/profox.com.br\/site\/category\/sem-categoria\/\" rel=\"tag\">Sem categoria<\/a><\/div>\t\t\t\t\t\n\t\t\n\t\t\t\t<a class=\"fusion-link-wrapper\" href=\"https:\/\/profox.com.br\/site\/saiba-qual-a-importancia-do-erp-para-a-sua-empresa\/\" aria-label=\"Saiba qual a import\u00e2ncia do ERP para a sua empresa\"><\/a>\n\t<\/div>\n<\/div>\n\n\t\n<\/div>\n<\/li>\n\t\t\t\n\t\t\t\n\t\t\t\t\t\t\t\t\t\t\t\t\t\t\t\t\t\t\t\t\t\t\t\t\t\t\t\t\t\t\t\t\t\t\t\t\t\t\t\t\t\t\t\t\t\t\t\t\t\t\t\t\t\t\t\t\t\t\t\t\t\t\t\t\t\t\t\t<\/ul>\n\t<\/div>\n\t<div class=\"fusion-post-content-wrapper\" style=\"padding:30px 0px 25px 0px;\"><div class=\"fusion-post-content post-content\"><h2 class=\"blog-shortcode-post-title entry-title\"><a href=\"https:\/\/profox.com.br\/site\/saiba-qual-a-importancia-do-erp-para-a-sua-empresa\/\">Saiba qual a import\u00e2ncia do ERP para a sua empresa<\/a><\/h2><p class=\"fusion-single-line-meta\"><span class=\"vcard\" style=\"display: none;\"><span class=\"fn\"><a href=\"https:\/\/profox.com.br\/site\/author\/profox\/\" title=\"Posts de Profox Sistemas Profox\" rel=\"author\">Profox Sistemas Profox<\/a><\/span><\/span><span class=\"updated\" style=\"display:none;\">2021-05-28T16:10:00-03:00<\/span><span>26 de maio de 2021<\/span><span class=\"fusion-inline-sep\">|<\/span><\/p><div class=\"fusion-content-sep sep-single sep-solid\" style=\"border-color:#e2e2e2;\"><\/div><div class=\"fusion-post-content-container\"><p> Controlar todas as atividades realizadas diariamente em uma empresa n\u00e3o \u00e9 uma tarefa f\u00e1cil. Por esse motivo, a import\u00e2ncia [...]<\/p><\/div><\/div><\/div><div class=\"fusion-clearfix\"><\/div><\/div>\n<\/article>\n<article id=\"blog-1-post-297\" class=\"fusion-post-grid post-297 post type-post status-publish format-standard has-post-thumbnail hentry category-sem-categoria tag-erp tag-investir tag-profox-sistemas tag-sistema\">\n<div class=\"fusion-post-wrapper\" style=\"background-color:rgba(255,255,255,0);border:none;\">\n\n\t\t\t<div class=\"fusion-flexslider flexslider fusion-flexslider-loading fusion-post-slideshow\" style=\"border-color:rgba(242,243,245,0);\">\n\t\t<ul class=\"slides\">\n\t\t\t\n\t\t\t\t\t\t\t\t\t\t\t\t\t\t<li>\n\n<div  class=\"fusion-image-wrapper\" aria-haspopup=\"true\">\n\t\n\t\n\t\t\n\t\t\t\t\t<img decoding=\"async\" width=\"1870\" height=\"1109\" src=\"https:\/\/profox.com.br\/site\/wp-content\/uploads\/2020\/08\/Como-saber-se-a-empresa-precisa-de-um-ERP.png\" class=\"attachment-full size-full wp-post-image\" alt=\"\" srcset=\"https:\/\/profox.com.br\/site\/wp-content\/uploads\/2020\/08\/Como-saber-se-a-empresa-precisa-de-um-ERP-200x119.png 200w, https:\/\/profox.com.br\/site\/wp-content\/uploads\/2020\/08\/Como-saber-se-a-empresa-precisa-de-um-ERP-400x237.png 400w, https:\/\/profox.com.br\/site\/wp-content\/uploads\/2020\/08\/Como-saber-se-a-empresa-precisa-de-um-ERP-600x356.png 600w, https:\/\/profox.com.br\/site\/wp-content\/uploads\/2020\/08\/Como-saber-se-a-empresa-precisa-de-um-ERP-800x474.png 800w, https:\/\/profox.com.br\/site\/wp-content\/uploads\/2020\/08\/Como-saber-se-a-empresa-precisa-de-um-ERP-1200x712.png 1200w, https:\/\/profox.com.br\/site\/wp-content\/uploads\/2020\/08\/Como-saber-se-a-empresa-precisa-de-um-ERP.png 1870w\" sizes=\"(min-width: 2200px) 100vw, (min-width: 784px) 373px, (min-width: 712px) 560px, (min-width: 640px) 712px, \" \/>\n\t\n\n\t\t<div class=\"fusion-rollover\">\n\t<div class=\"fusion-rollover-content\">\n\n\t\t\t\t\t\t\t\t\t\t\t\t\t\t<a class=\"fusion-rollover-link\" href=\"https:\/\/profox.com.br\/site\/como-saber-se-a-empresa-precisa-de-um-erp\/\">Como saber se a empresa precisa de um ERP?<\/a>\n\t\t\t\n\t\t\t\t\t\t\t\t\t\t\t\t\t\t\n\t\t\t\t\t\t\t\t\n\t\t\t\t\t\t\t\t\t\t\t\t\t<div class=\"fusion-rollover-sep\"><\/div>\n\t\t\t\t\n\t\t\t\t\t\t\t\t\t\t\t\t\t\t\t\t\t\t<a class=\"fusion-rollover-gallery\" href=\"https:\/\/profox.com.br\/site\/wp-content\/uploads\/2020\/08\/Como-saber-se-a-empresa-precisa-de-um-ERP.png\" data-id=\"297\" data-rel=\"iLightbox[gallery]\" data-title=\"Como-saber-se-a-empresa-precisa-de-um-ERP\" data-caption=\"\">\n\t\t\t\t\t\tGaleria\t\t\t\t\t<\/a>\n\t\t\t\t\t\t\t\t\t\t\t\t\t\t\n\t\t\t\t\n\t\t\t\t\t\t\t\t\t\t\t\t<h4 class=\"fusion-rollover-title\">\n\t\t\t\t\t<a class=\"fusion-rollover-title-link\" href=\"https:\/\/profox.com.br\/site\/como-saber-se-a-empresa-precisa-de-um-erp\/\">\n\t\t\t\t\t\tComo saber se a empresa precisa de um ERP?\t\t\t\t\t<\/a>\n\t\t\t\t<\/h4>\n\t\t\t\n\t\t\t\t\t\t\t\t\t\t\t\t\t\t<div class=\"fusion-rollover-categories\"><a href=\"https:\/\/profox.com.br\/site\/category\/sem-categoria\/\" rel=\"tag\">Sem categoria<\/a><\/div>\t\t\t\t\t\n\t\t\n\t\t\t\t<a class=\"fusion-link-wrapper\" href=\"https:\/\/profox.com.br\/site\/como-saber-se-a-empresa-precisa-de-um-erp\/\" aria-label=\"Como saber se a empresa precisa de um ERP?\"><\/a>\n\t<\/div>\n<\/div>\n\n\t\n<\/div>\n<\/li>\n\t\t\t\n\t\t\t\n\t\t\t\t\t\t\t\t\t\t\t\t\t\t\t\t\t\t\t\t\t\t\t\t\t\t\t\t\t\t\t\t\t\t\t\t\t\t\t\t\t\t\t\t\t\t\t\t\t\t\t\t\t\t\t\t\t\t\t\t\t\t\t\t\t\t\t\t<\/ul>\n\t<\/div>\n\t<div class=\"fusion-post-content-wrapper\" style=\"padding:30px 0px 25px 0px;\"><div class=\"fusion-post-content post-content\"><h2 class=\"blog-shortcode-post-title entry-title\"><a href=\"https:\/\/profox.com.br\/site\/como-saber-se-a-empresa-precisa-de-um-erp\/\">Como saber se a empresa precisa de um ERP?<\/a><\/h2><p class=\"fusion-single-line-meta\"><span class=\"vcard\" style=\"display: none;\"><span class=\"fn\"><a href=\"https:\/\/profox.com.br\/site\/author\/profox\/\" title=\"Posts de Profox Sistemas Profox\" rel=\"author\">Profox Sistemas Profox<\/a><\/span><\/span><span class=\"updated\" style=\"display:none;\">2021-05-28T16:09:46-03:00<\/span><span>26 de abril de 2021<\/span><span class=\"fusion-inline-sep\">|<\/span><\/p><div class=\"fusion-content-sep sep-single sep-solid\" style=\"border-color:#e2e2e2;\"><\/div><div class=\"fusion-post-content-container\"><p> Quando o assunto \u00e9 investir em um sistema ERP, o ideal \u00e9 que ele seja implementado antes do surgimento [...]<\/p><\/div><\/div><\/div><div class=\"fusion-clearfix\"><\/div><\/div>\n<\/article>\n<article id=\"blog-1-post-293\" class=\"fusion-post-grid post-293 post type-post status-publish format-standard has-post-thumbnail hentry category-advice category-wealth\">\n<div class=\"fusion-post-wrapper\" style=\"background-color:rgba(255,255,255,0);border:none;\">\n\n\t\t\t<div class=\"fusion-flexslider flexslider fusion-flexslider-loading fusion-post-slideshow\" style=\"border-color:rgba(242,243,245,0);\">\n\t\t<ul class=\"slides\">\n\t\t\t\n\t\t\t\t\t\t\t\t\t\t\t\t\t\t<li>\n\n<div  class=\"fusion-image-wrapper\" aria-haspopup=\"true\">\n\t\n\t\n\t\t\n\t\t\t\t\t<img decoding=\"async\" width=\"1870\" height=\"1109\" src=\"https:\/\/profox.com.br\/site\/wp-content\/uploads\/2020\/08\/Quais-sao-os-principais-modulos-de-um-ERP.png\" class=\"attachment-full size-full wp-post-image\" alt=\"\" srcset=\"https:\/\/profox.com.br\/site\/wp-content\/uploads\/2020\/08\/Quais-sao-os-principais-modulos-de-um-ERP-200x119.png 200w, https:\/\/profox.com.br\/site\/wp-content\/uploads\/2020\/08\/Quais-sao-os-principais-modulos-de-um-ERP-400x237.png 400w, https:\/\/profox.com.br\/site\/wp-content\/uploads\/2020\/08\/Quais-sao-os-principais-modulos-de-um-ERP-600x356.png 600w, https:\/\/profox.com.br\/site\/wp-content\/uploads\/2020\/08\/Quais-sao-os-principais-modulos-de-um-ERP-800x474.png 800w, https:\/\/profox.com.br\/site\/wp-content\/uploads\/2020\/08\/Quais-sao-os-principais-modulos-de-um-ERP-1200x712.png 1200w, https:\/\/profox.com.br\/site\/wp-content\/uploads\/2020\/08\/Quais-sao-os-principais-modulos-de-um-ERP.png 1870w\" sizes=\"(min-width: 2200px) 100vw, (min-width: 784px) 373px, (min-width: 712px) 560px, (min-width: 640px) 712px, \" \/>\n\t\n\n\t\t<div class=\"fusion-rollover\">\n\t<div class=\"fusion-rollover-content\">\n\n\t\t\t\t\t\t\t\t\t\t\t\t\t\t<a class=\"fusion-rollover-link\" href=\"https:\/\/profox.com.br\/site\/quais-sao-os-principais-modulos-de-um-erp\/\">Quais s\u00e3o os principais m\u00f3dulos de um ERP<\/a>\n\t\t\t\n\t\t\t\t\t\t\t\t\t\t\t\t\t\t\n\t\t\t\t\t\t\t\t\n\t\t\t\t\t\t\t\t\t\t\t\t\t<div class=\"fusion-rollover-sep\"><\/div>\n\t\t\t\t\n\t\t\t\t\t\t\t\t\t\t\t\t\t\t\t\t\t\t<a class=\"fusion-rollover-gallery\" href=\"https:\/\/profox.com.br\/site\/wp-content\/uploads\/2020\/08\/Quais-sao-os-principais-modulos-de-um-ERP.png\" data-id=\"293\" data-rel=\"iLightbox[gallery]\" data-title=\"Quais-s\u00e3o-os-principais-m\u00f3dulos-de-um-ERP\" data-caption=\"\">\n\t\t\t\t\t\tGaleria\t\t\t\t\t<\/a>\n\t\t\t\t\t\t\t\t\t\t\t\t\t\t\n\t\t\t\t\n\t\t\t\t\t\t\t\t\t\t\t\t<h4 class=\"fusion-rollover-title\">\n\t\t\t\t\t<a class=\"fusion-rollover-title-link\" href=\"https:\/\/profox.com.br\/site\/quais-sao-os-principais-modulos-de-um-erp\/\">\n\t\t\t\t\t\tQuais s\u00e3o os principais m\u00f3dulos de um ERP\t\t\t\t\t<\/a>\n\t\t\t\t<\/h4>\n\t\t\t\n\t\t\t\t\t\t\t\t\t\t\t\t\t\t<div class=\"fusion-rollover-categories\"><a href=\"https:\/\/profox.com.br\/site\/category\/advice\/\" rel=\"tag\">Advice<\/a>, <a href=\"https:\/\/profox.com.br\/site\/category\/wealth\/\" rel=\"tag\">Wealth<\/a><\/div>\t\t\t\t\t\n\t\t\n\t\t\t\t<a class=\"fusion-link-wrapper\" href=\"https:\/\/profox.com.br\/site\/quais-sao-os-principais-modulos-de-um-erp\/\" aria-label=\"Quais s\u00e3o os principais m\u00f3dulos de um ERP\"><\/a>\n\t<\/div>\n<\/div>\n\n\t\n<\/div>\n<\/li>\n\t\t\t\n\t\t\t\n\t\t\t\t\t\t\t\t\t\t\t\t\t\t\t\t\t\t\t\t\t\t\t\t\t\t\t\t\t\t\t\t\t\t\t\t\t\t\t\t\t\t\t\t\t\t\t\t\t\t\t\t\t\t\t\t\t\t\t\t\t\t\t\t\t\t\t\t<\/ul>\n\t<\/div>\n\t<div class=\"fusion-post-content-wrapper\" style=\"padding:30px 0px 25px 0px;\"><div class=\"fusion-post-content post-content\"><h2 class=\"blog-shortcode-post-title entry-title\"><a href=\"https:\/\/profox.com.br\/site\/quais-sao-os-principais-modulos-de-um-erp\/\">Quais s\u00e3o os principais m\u00f3dulos de um ERP<\/a><\/h2><p class=\"fusion-single-line-meta\"><span class=\"vcard\" style=\"display: none;\"><span class=\"fn\"><a href=\"https:\/\/profox.com.br\/site\/author\/profox\/\" title=\"Posts de Profox Sistemas Profox\" rel=\"author\">Profox Sistemas Profox<\/a><\/span><\/span><span class=\"updated\" style=\"display:none;\">2021-05-28T16:09:36-03:00<\/span><span>26 de mar\u00e7o de 2021<\/span><span class=\"fusion-inline-sep\">|<\/span><\/p><div class=\"fusion-content-sep sep-single sep-solid\" style=\"border-color:#e2e2e2;\"><\/div><div class=\"fusion-post-content-container\"><p> Um ERP \u00e9 um sistema modular, ou seja, pode ser customizado de acordo com as necessidades das empresas. Sendo [...]<\/p><\/div><\/div><\/div><div class=\"fusion-clearfix\"><\/div><\/div>\n<\/article>\n<div class=\"fusion-clearfix\"><\/div><\/div><\/div><\/div><\/div><style type=\"text\/css\">.fusion-body .fusion-builder-column-0{width:100% !important;margin-top : 0px;margin-bottom : 20px;}.fusion-builder-column-0 > .fusion-column-wrapper {padding-top : 0px !important;padding-right : 0px !important;margin-right : 1.92%;padding-bottom : 0px !important;padding-left : 0px !important;margin-left : 1.92%;}@media only screen and (max-width:1024px) {.fusion-body .fusion-builder-column-0{width:100% !important;order : 0;}.fusion-builder-column-0 > .fusion-column-wrapper {margin-right : 1.92%;margin-left : 1.92%;}}@media only screen and (max-width:640px) {.fusion-body .fusion-builder-column-0{width:100% !important;order : 0;}.fusion-builder-column-0 > .fusion-column-wrapper {margin-right : 1.92%;margin-left : 1.92%;}}<\/style><\/div><style type=\"text\/css\">.fusion-body .fusion-flex-container.fusion-builder-row-1{ padding-top : 6%;margin-top : 0px;padding-right : 0px;padding-bottom : 0px;margin-bottom : 0px;padding-left : 0px;}<\/style><\/div>\n","protected":false},"excerpt":{"rendered":"","protected":false},"author":6,"featured_media":0,"parent":0,"menu_order":0,"comment_status":"closed","ping_status":"closed","template":"100-width.php","meta":{"footnotes":""},"class_list":["post-18","page","type-page","status-publish","hentry"],"yoast_head":"<!-- This site is optimized with the Yoast SEO plugin v24.6 - https:\/\/yoast.com\/wordpress\/plugins\/seo\/ -->\n<title>Blog - Profox Sistemas<\/title>\n<meta name=\"robots\" content=\"index, follow, max-snippet:-1, max-image-preview:large, max-video-preview:-1\" \/>\n<link rel=\"canonical\" href=\"https:\/\/profox.com.br\/site\/blog\/\" \/>\n<meta property=\"og:locale\" content=\"pt_BR\" \/>\n<meta property=\"og:type\" content=\"article\" \/>\n<meta property=\"og:title\" content=\"Blog - Profox Sistemas\" \/>\n<meta property=\"og:url\" content=\"https:\/\/profox.com.br\/site\/blog\/\" \/>\n<meta property=\"og:site_name\" content=\"Profox Sistemas\" \/>\n<meta property=\"article:publisher\" content=\"https:\/\/www.facebook.com\/profoxsistemas\" \/>\n<meta property=\"article:modified_time\" content=\"2021-05-28T19:08:43+00:00\" \/>\n<meta name=\"twitter:card\" content=\"summary_large_image\" \/>\n<meta name=\"twitter:label1\" content=\"Est. tempo de leitura\" \/>\n\t<meta name=\"twitter:data1\" content=\"3 minutos\" \/>\n<script type=\"application\/ld+json\" class=\"yoast-schema-graph\">{\"@context\":\"https:\/\/schema.org\",\"@graph\":[{\"@type\":\"WebPage\",\"@id\":\"https:\/\/profox.com.br\/site\/blog\/\",\"url\":\"https:\/\/profox.com.br\/site\/blog\/\",\"name\":\"Blog - Profox Sistemas\",\"isPartOf\":{\"@id\":\"https:\/\/profox.com.br\/site\/#website\"},\"datePublished\":\"2020-08-19T10:28:58+00:00\",\"dateModified\":\"2021-05-28T19:08:43+00:00\",\"breadcrumb\":{\"@id\":\"https:\/\/profox.com.br\/site\/blog\/#breadcrumb\"},\"inLanguage\":\"pt-BR\",\"potentialAction\":[{\"@type\":\"ReadAction\",\"target\":[\"https:\/\/profox.com.br\/site\/blog\/\"]}]},{\"@type\":\"BreadcrumbList\",\"@id\":\"https:\/\/profox.com.br\/site\/blog\/#breadcrumb\",\"itemListElement\":[{\"@type\":\"ListItem\",\"position\":1,\"name\":\"In\u00edcio\",\"item\":\"https:\/\/profox.com.br\/site\/\"},{\"@type\":\"ListItem\",\"position\":2,\"name\":\"Blog\"}]},{\"@type\":\"WebSite\",\"@id\":\"https:\/\/profox.com.br\/site\/#website\",\"url\":\"https:\/\/profox.com.br\/site\/\",\"name\":\"Profox Sistemas\",\"description\":\"ERP Gest\u00e3o Empresarial Comercio Ind\u00fastrias Servi\u00e7os Belo Horizonte MG\",\"publisher\":{\"@id\":\"https:\/\/profox.com.br\/site\/#organization\"},\"potentialAction\":[{\"@type\":\"SearchAction\",\"target\":{\"@type\":\"EntryPoint\",\"urlTemplate\":\"https:\/\/profox.com.br\/site\/?s={search_term_string}\"},\"query-input\":{\"@type\":\"PropertyValueSpecification\",\"valueRequired\":true,\"valueName\":\"search_term_string\"}}],\"inLanguage\":\"pt-BR\"},{\"@type\":\"Organization\",\"@id\":\"https:\/\/profox.com.br\/site\/#organization\",\"name\":\"Profox Sistemas\",\"url\":\"https:\/\/profox.com.br\/site\/\",\"logo\":{\"@type\":\"ImageObject\",\"inLanguage\":\"pt-BR\",\"@id\":\"https:\/\/profox.com.br\/site\/#\/schema\/logo\/image\/\",\"url\":\"https:\/\/profox.com.br\/site\/wp-content\/uploads\/2020\/10\/SITE-logo.png\",\"contentUrl\":\"https:\/\/profox.com.br\/site\/wp-content\/uploads\/2020\/10\/SITE-logo.png\",\"width\":246,\"height\":64,\"caption\":\"Profox Sistemas\"},\"image\":{\"@id\":\"https:\/\/profox.com.br\/site\/#\/schema\/logo\/image\/\"},\"sameAs\":[\"https:\/\/www.facebook.com\/profoxsistemas\",\"https:\/\/www.instagram.com\/profoxsistemas\"]}]}<\/script>\n<!-- \/ Yoast SEO plugin. -->","yoast_head_json":{"title":"Blog - Profox Sistemas","robots":{"index":"index","follow":"follow","max-snippet":"max-snippet:-1","max-image-preview":"max-image-preview:large","max-video-preview":"max-video-preview:-1"},"canonical":"https:\/\/profox.com.br\/site\/blog\/","og_locale":"pt_BR","og_type":"article","og_title":"Blog - Profox Sistemas","og_url":"https:\/\/profox.com.br\/site\/blog\/","og_site_name":"Profox Sistemas","article_publisher":"https:\/\/www.facebook.com\/profoxsistemas","article_modified_time":"2021-05-28T19:08:43+00:00","twitter_card":"summary_large_image","twitter_misc":{"Est. tempo de leitura":"3 minutos"},"schema":{"@context":"https:\/\/schema.org","@graph":[{"@type":"WebPage","@id":"https:\/\/profox.com.br\/site\/blog\/","url":"https:\/\/profox.com.br\/site\/blog\/","name":"Blog - Profox Sistemas","isPartOf":{"@id":"https:\/\/profox.com.br\/site\/#website"},"datePublished":"2020-08-19T10:28:58+00:00","dateModified":"2021-05-28T19:08:43+00:00","breadcrumb":{"@id":"https:\/\/profox.com.br\/site\/blog\/#breadcrumb"},"inLanguage":"pt-BR","potentialAction":[{"@type":"ReadAction","target":["https:\/\/profox.com.br\/site\/blog\/"]}]},{"@type":"BreadcrumbList","@id":"https:\/\/profox.com.br\/site\/blog\/#breadcrumb","itemListElement":[{"@type":"ListItem","position":1,"name":"In\u00edcio","item":"https:\/\/profox.com.br\/site\/"},{"@type":"ListItem","position":2,"name":"Blog"}]},{"@type":"WebSite","@id":"https:\/\/profox.com.br\/site\/#website","url":"https:\/\/profox.com.br\/site\/","name":"Profox Sistemas","description":"ERP Gest\u00e3o Empresarial Comercio Ind\u00fastrias Servi\u00e7os Belo Horizonte MG","publisher":{"@id":"https:\/\/profox.com.br\/site\/#organization"},"potentialAction":[{"@type":"SearchAction","target":{"@type":"EntryPoint","urlTemplate":"https:\/\/profox.com.br\/site\/?s={search_term_string}"},"query-input":{"@type":"PropertyValueSpecification","valueRequired":true,"valueName":"search_term_string"}}],"inLanguage":"pt-BR"},{"@type":"Organization","@id":"https:\/\/profox.com.br\/site\/#organization","name":"Profox Sistemas","url":"https:\/\/profox.com.br\/site\/","logo":{"@type":"ImageObject","inLanguage":"pt-BR","@id":"https:\/\/profox.com.br\/site\/#\/schema\/logo\/image\/","url":"https:\/\/profox.com.br\/site\/wp-content\/uploads\/2020\/10\/SITE-logo.png","contentUrl":"https:\/\/profox.com.br\/site\/wp-content\/uploads\/2020\/10\/SITE-logo.png","width":246,"height":64,"caption":"Profox Sistemas"},"image":{"@id":"https:\/\/profox.com.br\/site\/#\/schema\/logo\/image\/"},"sameAs":["https:\/\/www.facebook.com\/profoxsistemas","https:\/\/www.instagram.com\/profoxsistemas"]}]}},"_links":{"self":[{"href":"https:\/\/profox.com.br\/site\/wp-json\/wp\/v2\/pages\/18","targetHints":{"allow":["GET"]}}],"collection":[{"href":"https:\/\/profox.com.br\/site\/wp-json\/wp\/v2\/pages"}],"about":[{"href":"https:\/\/profox.com.br\/site\/wp-json\/wp\/v2\/types\/page"}],"author":[{"embeddable":true,"href":"https:\/\/profox.com.br\/site\/wp-json\/wp\/v2\/users\/6"}],"replies":[{"embeddable":true,"href":"https:\/\/profox.com.br\/site\/wp-json\/wp\/v2\/comments?post=18"}],"version-history":[{"count":3,"href":"https:\/\/profox.com.br\/site\/wp-json\/wp\/v2\/pages\/18\/revisions"}],"predecessor-version":[{"id":1112,"href":"https:\/\/profox.com.br\/site\/wp-json\/wp\/v2\/pages\/18\/revisions\/1112"}],"wp:attachment":[{"href":"https:\/\/profox.com.br\/site\/wp-json\/wp\/v2\/media?parent=18"}],"curies":[{"name":"wp","href":"https:\/\/api.w.org\/{rel}","templated":true}]}}