{"id":757,"date":"2020-12-11T16:34:16","date_gmt":"2020-12-11T19:34:16","guid":{"rendered":"http:\/\/profox.com.br\/site\/?page_id=757"},"modified":"2022-02-10T13:07:45","modified_gmt":"2022-02-10T16:07:45","slug":"contrate-agora","status":"publish","type":"page","link":"https:\/\/profox.com.br\/site\/contrate-agora\/","title":{"rendered":"Contrate agora"},"content":{"rendered":"<div class=\"fusion-fullwidth fullwidth-box fusion-builder-row-1 fusion-flex-container nonhundred-percent-fullwidth non-hundred-percent-height-scrolling\" style=\"background-color: #ffffff;background-position: center center;background-repeat: no-repeat;border-width: 0px 0px 0px 0px;border-color:#eae9e9;border-style:solid;\" ><div class=\"fusion-builder-row fusion-row fusion-flex-align-items-center\" style=\"max-width:1248px;margin-left: calc(-4% \/ 2 );margin-right: calc(-4% \/ 2 );\"><div class=\"fusion-layout-column fusion_builder_column fusion-builder-column-0 fusion_builder_column_1_1 1_1 fusion-flex-column fusion-animated\" data-animationType=\"slideInLeft\" data-animationDuration=\"1.0\" data-animationOffset=\"100%\"><div class=\"fusion-column-wrapper fusion-flex-justify-content-flex-start fusion-content-layout-column\" style=\"background-position:left top;background-repeat:no-repeat;-webkit-background-size:cover;-moz-background-size:cover;-o-background-size:cover;background-size:cover;padding: 0px 0px 0px 86px;\">\n<div class=\"wpcf7 no-js\" id=\"wpcf7-f1066-o1\" lang=\"pt-BR\" dir=\"ltr\" data-wpcf7-id=\"1066\">\n<div class=\"screen-reader-response\"><p role=\"status\" aria-live=\"polite\" aria-atomic=\"true\"><\/p> <ul><\/ul><\/div>\n<form action=\"\/site\/wp-json\/wp\/v2\/pages\/757#wpcf7-f1066-o1\" method=\"post\" class=\"wpcf7-form init\" aria-label=\"Formul\u00e1rios de contato\" novalidate=\"novalidate\" data-status=\"init\">\n<div style=\"display: none;\">\n<input type=\"hidden\" name=\"_wpcf7\" value=\"1066\" \/>\n<input type=\"hidden\" name=\"_wpcf7_version\" value=\"6.0.5\" \/>\n<input type=\"hidden\" name=\"_wpcf7_locale\" value=\"pt_BR\" \/>\n<input type=\"hidden\" name=\"_wpcf7_unit_tag\" value=\"wpcf7-f1066-o1\" \/>\n<input type=\"hidden\" name=\"_wpcf7_container_post\" value=\"0\" \/>\n<input type=\"hidden\" name=\"_wpcf7_posted_data_hash\" value=\"\" \/>\n<input type=\"hidden\" name=\"_wpcf7_recaptcha_response\" value=\"\" \/>\n<\/div>\n<div class=\"form formulario_contrateagora\">\n\t<div class=\"row\" style=\"margin-top:30px;\">\n\t\t<div class=\"col-md-6\">\n\t\t\t<p><label> <span class=\"wpcf7-form-control-wrap\" data-name=\"razaoSocial\"><input size=\"40\" maxlength=\"400\" class=\"wpcf7-form-control wpcf7-text wpcf7-validates-as-required\" aria-required=\"true\" aria-invalid=\"false\" placeholder=\"Raz\u00e3o Social\" value=\"\" type=\"text\" name=\"razaoSocial\" \/><\/span> <\/label>\n\t\t\t<\/p>\n\t\t<\/div>\n\t\t<div class=\"col-md-6\">\n\t\t\t<p><label> <span class=\"wpcf7-form-control-wrap\" data-name=\"cnpj\"><input size=\"40\" maxlength=\"400\" class=\"wpcf7-form-control wpcf7-text wpcf7-validates-as-required\" aria-required=\"true\" aria-invalid=\"false\" placeholder=\"CNPJ\" value=\"\" type=\"text\" name=\"cnpj\" \/><\/span> <\/label>\n\t\t\t<\/p>\n\t\t<\/div>\n\t<\/div>\n\t<div class=\"row\" style=\"margin-top:30px;\">\n\t\t<div class=\"col-md-6\">\n\t\t\t<p><label> <span class=\"wpcf7-form-control-wrap\" data-name=\"endereco\"><input size=\"40\" maxlength=\"400\" class=\"wpcf7-form-control wpcf7-text wpcf7-validates-as-required\" aria-required=\"true\" aria-invalid=\"false\" placeholder=\"Endere\u00e7o da Empresa\" value=\"\" type=\"text\" name=\"endereco\" \/><\/span> <\/label>\n\t\t\t<\/p>\n\t\t<\/div>\n\t\t<div class=\"col-md-6\">\n\t\t\t<p><label> <span class=\"wpcf7-form-control-wrap\" data-name=\"atuacao\"><select class=\"wpcf7-form-control wpcf7-select wpcf7-validates-as-required\" aria-required=\"true\" aria-invalid=\"false\" name=\"atuacao\"><option value=\"\u00c1rea de Atua\u00e7\u00e3o\">\u00c1rea de Atua\u00e7\u00e3o<\/option><option value=\"Ind\u00fastria\">Ind\u00fastria<\/option><option value=\"Com\u00e9rcio Atacadista\">Com\u00e9rcio Atacadista<\/option><option value=\"Com\u00e9rcio Varejista\">Com\u00e9rcio Varejista<\/option><option value=\"Com\u00e9rcio Atacarejo\">Com\u00e9rcio Atacarejo<\/option><option value=\"Com\u00e9rcio Distribuidor\">Com\u00e9rcio Distribuidor<\/option><option value=\"Servi\u00e7o\">Servi\u00e7o<\/option><option value=\"Agroneg\u00f3cio\">Agroneg\u00f3cio<\/option><\/select><\/span> <\/label>\n\t\t\t<\/p>\n\t\t<\/div>\n\t<\/div>\n\t<div class=\"row\" style=\"margin-top:30px;\">\n\t\t<div class=\"col-md-4\">\n\t\t\t<p><label> <span class=\"wpcf7-form-control-wrap\" data-name=\"email\"><input size=\"40\" maxlength=\"400\" class=\"wpcf7-form-control wpcf7-email wpcf7-validates-as-required wpcf7-text wpcf7-validates-as-email\" aria-required=\"true\" aria-invalid=\"false\" placeholder=\"E-mail\" value=\"\" type=\"email\" name=\"email\" \/><\/span> <\/label>\n\t\t\t<\/p>\n\t\t<\/div>\n\t\t<div class=\"col-md-4\">\n\t\t\t<p><label> <span class=\"wpcf7-form-control-wrap\" data-name=\"whatsapp\"><input size=\"40\" maxlength=\"400\" class=\"wpcf7-form-control wpcf7-tel wpcf7-validates-as-required wpcf7-text wpcf7-validates-as-tel telefone\" aria-required=\"true\" aria-invalid=\"false\" placeholder=\"Whatsapp\" value=\"\" type=\"tel\" name=\"whatsapp\" \/><\/span> <\/label>\n\t\t\t<\/p>\n\t\t<\/div>\n\t\t<div class=\"col-md-4\">\n\t\t\t<p><label style=\"margin-top:20px;\"> <span class=\"wpcf7-form-control-wrap\" data-name=\"nome\"><input size=\"40\" maxlength=\"400\" class=\"wpcf7-form-control wpcf7-text wpcf7-validates-as-required\" aria-required=\"true\" aria-invalid=\"false\" placeholder=\"Seu nome\" value=\"\" type=\"text\" name=\"nome\" \/><\/span> <\/label>\n\t\t\t<\/p>\n\t\t<\/div>\n\t<\/div>\n\t<div class=\"row\" style=\"margin-top:30px;\">\n\t\t<div class=\"col-md-12\">\n\t\t\t<p><label><input class=\"wpcf7-form-control wpcf7-submit has-spinner botao_contrateagora\" type=\"submit\" value=\"Enviar\" \/><\/label>\n\t\t\t<\/p>\n\t\t<\/div>\n\t<\/div>\n<\/div><div class=\"fusion-alert alert custom alert-custom fusion-alert-center wpcf7-response-output alert-dismissable\" style=\"border-width:1px;\"><button type=\"button\" class=\"close toggle-alert\" data-dismiss=\"alert\" aria-hidden=\"true\">&times;<\/button><div class=\"fusion-alert-content-wrapper\"><span class=\"fusion-alert-content\"><\/span><\/div><\/div>\n<\/form>\n<\/div>\n<\/div><\/div><style type=\"text\/css\">.fusion-body .fusion-builder-column-0{width:100% !important;margin-top : 0px;margin-bottom : 20px;}.fusion-builder-column-0 > .fusion-column-wrapper {padding-top : 0px !important;padding-right : 0px !important;margin-right : 3.36%;padding-bottom : 0px !important;padding-left : 86px !important;margin-left : 1.92%;}@media only screen and (max-width:1024px) {.fusion-body .fusion-builder-column-0{width:100% !important;order : 0;}.fusion-builder-column-0 > .fusion-column-wrapper {margin-right : 3.36%;padding-left : 0px !important;margin-left : 1.92%;}}@media only screen and (max-width:640px) {.fusion-body .fusion-builder-column-0{width:100% !important;order : 0;}.fusion-builder-column-0 > .fusion-column-wrapper {margin-right : 1.92%;margin-left : 1.92%;}}<\/style><\/div><style type=\"text\/css\">.fusion-body .fusion-flex-container.fusion-builder-row-1{ padding-top : 2%;margin-top : 0px;padding-right : 0px;padding-bottom : 0%;margin-bottom : 0px;padding-left : 0px;}<\/style><\/div>\n","protected":false},"excerpt":{"rendered":"","protected":false},"author":6,"featured_media":0,"parent":0,"menu_order":0,"comment_status":"closed","ping_status":"closed","template":"100-width.php","meta":{"footnotes":""},"class_list":["post-757","page","type-page","status-publish","hentry"],"yoast_head":"<!-- This site is optimized with the Yoast SEO plugin v24.6 - https:\/\/yoast.com\/wordpress\/plugins\/seo\/ -->\n<title>Contrate agora - Profox Sistemas<\/title>\n<meta name=\"robots\" content=\"index, follow, max-snippet:-1, max-image-preview:large, max-video-preview:-1\" \/>\n<link rel=\"canonical\" href=\"https:\/\/profox.com.br\/site\/contrate-agora\/\" \/>\n<meta property=\"og:locale\" content=\"pt_BR\" \/>\n<meta property=\"og:type\" content=\"article\" \/>\n<meta property=\"og:title\" content=\"Contrate agora - Profox Sistemas\" \/>\n<meta property=\"og:url\" content=\"https:\/\/profox.com.br\/site\/contrate-agora\/\" \/>\n<meta property=\"og:site_name\" content=\"Profox Sistemas\" \/>\n<meta property=\"article:publisher\" content=\"https:\/\/www.facebook.com\/profoxsistemas\" \/>\n<meta property=\"article:modified_time\" content=\"2022-02-10T16:07:45+00:00\" \/>\n<meta name=\"twitter:card\" content=\"summary_large_image\" \/>\n<meta name=\"twitter:label1\" content=\"Est. tempo de leitura\" \/>\n\t<meta name=\"twitter:data1\" content=\"3 minutos\" \/>\n<script type=\"application\/ld+json\" class=\"yoast-schema-graph\">{\"@context\":\"https:\/\/schema.org\",\"@graph\":[{\"@type\":\"WebPage\",\"@id\":\"https:\/\/profox.com.br\/site\/contrate-agora\/\",\"url\":\"https:\/\/profox.com.br\/site\/contrate-agora\/\",\"name\":\"Contrate agora - Profox Sistemas\",\"isPartOf\":{\"@id\":\"https:\/\/profox.com.br\/site\/#website\"},\"datePublished\":\"2020-12-11T19:34:16+00:00\",\"dateModified\":\"2022-02-10T16:07:45+00:00\",\"breadcrumb\":{\"@id\":\"https:\/\/profox.com.br\/site\/contrate-agora\/#breadcrumb\"},\"inLanguage\":\"pt-BR\",\"potentialAction\":[{\"@type\":\"ReadAction\",\"target\":[\"https:\/\/profox.com.br\/site\/contrate-agora\/\"]}]},{\"@type\":\"BreadcrumbList\",\"@id\":\"https:\/\/profox.com.br\/site\/contrate-agora\/#breadcrumb\",\"itemListElement\":[{\"@type\":\"ListItem\",\"position\":1,\"name\":\"In\u00edcio\",\"item\":\"https:\/\/profox.com.br\/site\/\"},{\"@type\":\"ListItem\",\"position\":2,\"name\":\"Contrate agora\"}]},{\"@type\":\"WebSite\",\"@id\":\"https:\/\/profox.com.br\/site\/#website\",\"url\":\"https:\/\/profox.com.br\/site\/\",\"name\":\"Profox Sistemas\",\"description\":\"ERP Gest\u00e3o Empresarial Comercio Ind\u00fastrias Servi\u00e7os Belo Horizonte MG\",\"publisher\":{\"@id\":\"https:\/\/profox.com.br\/site\/#organization\"},\"potentialAction\":[{\"@type\":\"SearchAction\",\"target\":{\"@type\":\"EntryPoint\",\"urlTemplate\":\"https:\/\/profox.com.br\/site\/?s={search_term_string}\"},\"query-input\":{\"@type\":\"PropertyValueSpecification\",\"valueRequired\":true,\"valueName\":\"search_term_string\"}}],\"inLanguage\":\"pt-BR\"},{\"@type\":\"Organization\",\"@id\":\"https:\/\/profox.com.br\/site\/#organization\",\"name\":\"Profox Sistemas\",\"url\":\"https:\/\/profox.com.br\/site\/\",\"logo\":{\"@type\":\"ImageObject\",\"inLanguage\":\"pt-BR\",\"@id\":\"https:\/\/profox.com.br\/site\/#\/schema\/logo\/image\/\",\"url\":\"https:\/\/profox.com.br\/site\/wp-content\/uploads\/2020\/10\/SITE-logo.png\",\"contentUrl\":\"https:\/\/profox.com.br\/site\/wp-content\/uploads\/2020\/10\/SITE-logo.png\",\"width\":246,\"height\":64,\"caption\":\"Profox Sistemas\"},\"image\":{\"@id\":\"https:\/\/profox.com.br\/site\/#\/schema\/logo\/image\/\"},\"sameAs\":[\"https:\/\/www.facebook.com\/profoxsistemas\",\"https:\/\/www.instagram.com\/profoxsistemas\"]}]}<\/script>\n<!-- \/ Yoast SEO plugin. -->","yoast_head_json":{"title":"Contrate agora - Profox Sistemas","robots":{"index":"index","follow":"follow","max-snippet":"max-snippet:-1","max-image-preview":"max-image-preview:large","max-video-preview":"max-video-preview:-1"},"canonical":"https:\/\/profox.com.br\/site\/contrate-agora\/","og_locale":"pt_BR","og_type":"article","og_title":"Contrate agora - Profox Sistemas","og_url":"https:\/\/profox.com.br\/site\/contrate-agora\/","og_site_name":"Profox Sistemas","article_publisher":"https:\/\/www.facebook.com\/profoxsistemas","article_modified_time":"2022-02-10T16:07:45+00:00","twitter_card":"summary_large_image","twitter_misc":{"Est. tempo de leitura":"3 minutos"},"schema":{"@context":"https:\/\/schema.org","@graph":[{"@type":"WebPage","@id":"https:\/\/profox.com.br\/site\/contrate-agora\/","url":"https:\/\/profox.com.br\/site\/contrate-agora\/","name":"Contrate agora - Profox Sistemas","isPartOf":{"@id":"https:\/\/profox.com.br\/site\/#website"},"datePublished":"2020-12-11T19:34:16+00:00","dateModified":"2022-02-10T16:07:45+00:00","breadcrumb":{"@id":"https:\/\/profox.com.br\/site\/contrate-agora\/#breadcrumb"},"inLanguage":"pt-BR","potentialAction":[{"@type":"ReadAction","target":["https:\/\/profox.com.br\/site\/contrate-agora\/"]}]},{"@type":"BreadcrumbList","@id":"https:\/\/profox.com.br\/site\/contrate-agora\/#breadcrumb","itemListElement":[{"@type":"ListItem","position":1,"name":"In\u00edcio","item":"https:\/\/profox.com.br\/site\/"},{"@type":"ListItem","position":2,"name":"Contrate agora"}]},{"@type":"WebSite","@id":"https:\/\/profox.com.br\/site\/#website","url":"https:\/\/profox.com.br\/site\/","name":"Profox Sistemas","description":"ERP Gest\u00e3o Empresarial Comercio Ind\u00fastrias Servi\u00e7os Belo Horizonte MG","publisher":{"@id":"https:\/\/profox.com.br\/site\/#organization"},"potentialAction":[{"@type":"SearchAction","target":{"@type":"EntryPoint","urlTemplate":"https:\/\/profox.com.br\/site\/?s={search_term_string}"},"query-input":{"@type":"PropertyValueSpecification","valueRequired":true,"valueName":"search_term_string"}}],"inLanguage":"pt-BR"},{"@type":"Organization","@id":"https:\/\/profox.com.br\/site\/#organization","name":"Profox Sistemas","url":"https:\/\/profox.com.br\/site\/","logo":{"@type":"ImageObject","inLanguage":"pt-BR","@id":"https:\/\/profox.com.br\/site\/#\/schema\/logo\/image\/","url":"https:\/\/profox.com.br\/site\/wp-content\/uploads\/2020\/10\/SITE-logo.png","contentUrl":"https:\/\/profox.com.br\/site\/wp-content\/uploads\/2020\/10\/SITE-logo.png","width":246,"height":64,"caption":"Profox Sistemas"},"image":{"@id":"https:\/\/profox.com.br\/site\/#\/schema\/logo\/image\/"},"sameAs":["https:\/\/www.facebook.com\/profoxsistemas","https:\/\/www.instagram.com\/profoxsistemas"]}]}},"_links":{"self":[{"href":"https:\/\/profox.com.br\/site\/wp-json\/wp\/v2\/pages\/757","targetHints":{"allow":["GET"]}}],"collection":[{"href":"https:\/\/profox.com.br\/site\/wp-json\/wp\/v2\/pages"}],"about":[{"href":"https:\/\/profox.com.br\/site\/wp-json\/wp\/v2\/types\/page"}],"author":[{"embeddable":true,"href":"https:\/\/profox.com.br\/site\/wp-json\/wp\/v2\/users\/6"}],"replies":[{"embeddable":true,"href":"https:\/\/profox.com.br\/site\/wp-json\/wp\/v2\/comments?post=757"}],"version-history":[{"count":6,"href":"https:\/\/profox.com.br\/site\/wp-json\/wp\/v2\/pages\/757\/revisions"}],"predecessor-version":[{"id":1199,"href":"https:\/\/profox.com.br\/site\/wp-json\/wp\/v2\/pages\/757\/revisions\/1199"}],"wp:attachment":[{"href":"https:\/\/profox.com.br\/site\/wp-json\/wp\/v2\/media?parent=757"}],"curies":[{"name":"wp","href":"https:\/\/api.w.org\/{rel}","templated":true}]}}